{"id":153,"date":"2023-09-20T22:08:26","date_gmt":"2023-09-20T22:08:26","guid":{"rendered":"https:\/\/jovial-curie.212-227-154-71.plesk.page\/?page_id=153"},"modified":"2024-12-24T12:58:00","modified_gmt":"2024-12-24T12:58:00","slug":"aviso-legal-recogida-de-sacas-de-escombros","status":"publish","type":"page","link":"https:\/\/envasa.es\/index.php\/aviso-legal-recogida-de-sacas-de-escombros\/","title":{"rendered":"Aviso Legal"},"content":{"rendered":"\n<ol class=\"wp-block-list\">\n<li>El titular de este sitio web es Javier Envasa Servicios S.L., con N.I.F. B86400744, con domicilio en la Calle Averroes n\u00ba 69, 28942\u00a0Fuenlabrada, Madrid.<\/li>\n\n\n\n<li>El acceso al site de Javier Envasa Servicios S.L. es gratuito. Todo el contenido es propiedad intelectual de Javier Envasa Servicios S.L. Cualquier utilizaci\u00f3n de los mismos contraria a las normas en materia de propiedad intelectual ser\u00e1 perseguida con arreglo a la legislaci\u00f3n vigente.<\/li>\n<\/ol>\n","protected":false},"excerpt":{"rendered":"","protected":false},"author":1,"featured_media":0,"parent":0,"menu_order":0,"comment_status":"closed","ping_status":"closed","template":"","meta":{"_themeisle_gutenberg_block_has_review":false,"footnotes":""},"class_list":["post-153","page","type-page","status-publish","hentry"],"_links":{"self":[{"href":"https:\/\/envasa.es\/index.php\/wp-json\/wp\/v2\/pages\/153","targetHints":{"allow":["GET"]}}],"collection":[{"href":"https:\/\/envasa.es\/index.php\/wp-json\/wp\/v2\/pages"}],"about":[{"href":"https:\/\/envasa.es\/index.php\/wp-json\/wp\/v2\/types\/page"}],"author":[{"embeddable":true,"href":"https:\/\/envasa.es\/index.php\/wp-json\/wp\/v2\/users\/1"}],"replies":[{"embeddable":true,"href":"https:\/\/envasa.es\/index.php\/wp-json\/wp\/v2\/comments?post=153"}],"version-history":[{"count":4,"href":"https:\/\/envasa.es\/index.php\/wp-json\/wp\/v2\/pages\/153\/revisions"}],"predecessor-version":[{"id":394,"href":"https:\/\/envasa.es\/index.php\/wp-json\/wp\/v2\/pages\/153\/revisions\/394"}],"wp:attachment":[{"href":"https:\/\/envasa.es\/index.php\/wp-json\/wp\/v2\/media?parent=153"}],"curies":[{"name":"wp","href":"https:\/\/api.w.org\/{rel}","templated":true}]}}